{"id":11,"date":"2020-05-08T19:14:21","date_gmt":"2020-05-08T19:14:21","guid":{"rendered":"http:\/\/localhost:10005\/?page_id=11"},"modified":"2020-08-17T10:34:29","modified_gmt":"2020-08-17T13:34:29","slug":"historia","status":"publish","type":"page","link":"https:\/\/r4cempresarial.com.br\/?page_id=11","title":{"rendered":"Hist\u00f3ria"},"content":{"rendered":"\r\n<p>A R4C Administra\u00e7\u00e3o Empresarial foi constitu\u00edda a partir da uni\u00e3o de s\u00f3cios com forma\u00e7\u00e3o altamente especializada, pautando-se na excel\u00eancia, na efic\u00e1cia, na pessoalidade das rela\u00e7\u00f5es e na responsabilidade social, que se fundamenta na retribui\u00e7\u00e3o perante a comunidade.<\/p>\r\n\r\n\r\n\r\n<p>Seu principal foco de atua\u00e7\u00e3o \u00e9 o desempenho das fun\u00e7\u00f5es de Administra\u00e7\u00e3o Judicial, em processos de Fal\u00eancia e de Recupera\u00e7\u00e3o de Empresas, tornando-se verdadeira colaboradora do Poder Judici\u00e1rio local.<\/p>\r\n\r\n\r\n\r\n<p>A atua\u00e7\u00e3o e a experi\u00eancia dos s\u00f3cios, aliada \u00e0 alta especializa\u00e7\u00e3o da empresa, faz com que os projetos e as grandes parcerias se transformem em um resultado natural de qualidade dos servi\u00e7os, com a intera\u00e7\u00e3o necess\u00e1ria para o pleno desenvolvimento das atividades propostas.<\/p>\r\n","protected":false},"excerpt":{"rendered":"<p>A R4C Administra\u00e7\u00e3o Empresarial foi constitu\u00edda a partir da uni\u00e3o de s\u00f3cios com forma\u00e7\u00e3o altamente especializada, pautando-se na excel\u00eancia, na efic\u00e1cia, na pessoalidade das rela\u00e7\u00f5es e na responsabilidade social, que se fundamenta na retribui\u00e7\u00e3o perante a comunidade. Seu principal foco de atua\u00e7\u00e3o \u00e9 o desempenho das fun\u00e7\u00f5es de Administra\u00e7\u00e3o Judicial, em processos de Fal\u00eancia e [&hellip;]<\/p>\n","protected":false},"author":1,"featured_media":0,"parent":0,"menu_order":0,"comment_status":"closed","ping_status":"closed","template":"page-templates\/pagina-com-galeria.php","meta":[],"_links":{"self":[{"href":"https:\/\/r4cempresarial.com.br\/index.php?rest_route=\/wp\/v2\/pages\/11"}],"collection":[{"href":"https:\/\/r4cempresarial.com.br\/index.php?rest_route=\/wp\/v2\/pages"}],"about":[{"href":"https:\/\/r4cempresarial.com.br\/index.php?rest_route=\/wp\/v2\/types\/page"}],"author":[{"embeddable":true,"href":"https:\/\/r4cempresarial.com.br\/index.php?rest_route=\/wp\/v2\/users\/1"}],"replies":[{"embeddable":true,"href":"https:\/\/r4cempresarial.com.br\/index.php?rest_route=%2Fwp%2Fv2%2Fcomments&post=11"}],"version-history":[{"count":1,"href":"https:\/\/r4cempresarial.com.br\/index.php?rest_route=\/wp\/v2\/pages\/11\/revisions"}],"predecessor-version":[{"id":1138,"href":"https:\/\/r4cempresarial.com.br\/index.php?rest_route=\/wp\/v2\/pages\/11\/revisions\/1138"}],"wp:attachment":[{"href":"https:\/\/r4cempresarial.com.br\/index.php?rest_route=%2Fwp%2Fv2%2Fmedia&parent=11"}],"curies":[{"name":"wp","href":"https:\/\/api.w.org\/{rel}","templated":true}]}}