{"id":9,"date":"2020-05-08T19:11:53","date_gmt":"2020-05-08T19:11:53","guid":{"rendered":"http:\/\/localhost:10005\/?page_id=9"},"modified":"2020-08-17T10:33:44","modified_gmt":"2020-08-17T13:33:44","slug":"atuacao","status":"publish","type":"page","link":"https:\/\/r4cempresarial.com.br\/?page_id=9","title":{"rendered":"Atua\u00e7\u00e3o"},"content":{"rendered":"\r\n<h2>MODERNIDADE E ATUALIDADE<\/h2>\r\n\r\n\r\n\r\n<p>Em conson\u00e2ncia com as diretrizes da Lei 11.101\/2005, a R4C Administra\u00e7\u00e3o Empresarial \u00e9 uma pessoa jur\u00eddica especializada no desempenho das fun\u00e7\u00f5es de administra\u00e7\u00e3o judicial, o que permite aos magistrados nomearem a pr\u00f3pria pessoa jur\u00eddica, devidamente representada por um de seus s\u00f3cios ou prepostos, em substitui\u00e7\u00e3o \u00e0s nomea\u00e7\u00f5es feitas diretamente nas pessoas f\u00edsicas, em regra, advogados ou contabilistas.<\/p>\r\n\r\n\r\n\r\n<p>A nomea\u00e7\u00e3o da pessoa jur\u00eddica especializada \u00e9 uma tend\u00eancia e uma realidade do processo moderno. Os processos de fal\u00eancia e de recupera\u00e7\u00e3o judicial, na atualidade, s\u00e3o muito mais do que meros procedimentos judiciais limitados aos conhecimentos jur\u00eddicos. Envolvem, em sua maioria, conhecimentos t\u00e9cnicos da ci\u00eancia da contabilidade, da economia, da administra\u00e7\u00e3o, da negocia\u00e7\u00e3o banc\u00e1ria, da detec\u00e7\u00e3o do manejo fraudulento da pessoa jur\u00eddica e do patrim\u00f4nio social, gerando, eventualmente, inefic\u00e1cia dos processos e preju\u00edzos \u00e0 comunidade dos credores.<\/p>\r\n\r\n\r\n\r\n<p>O Administrador Judicial, como auxiliar do juiz no processo, tem papel fundamental, atuando como fiscal da corre\u00e7\u00e3o dos procedimentos, como representante do interesse dos credores e como facilitador da manuten\u00e7\u00e3o e da recupera\u00e7\u00e3o da atividade empresarial, com vista \u00e0 realiza\u00e7\u00e3o de sua fun\u00e7\u00e3o social.<\/p>\r\n\r\n\r\n\r\n<p>A R4C Empresarial congrega, em seus quadros, profissionais e colaboradores com diversas forma\u00e7\u00f5es e capacita\u00e7\u00f5es. Com isso, atende, de maneira plena e irrestrita, todas as necessidades multidisciplinares e complexas do processo moderno, oferecendo amplo suporte aos magistrados, aos credores e aos interessados no processo.<\/p>\r\n<p>&nbsp;<\/p>\r\n\r\n\r\n\r\n<h2>SUPORTE AO JUDICI\u00c1RIO<\/h2>\r\n\r\n\r\n\r\n<p>A R4C Administra\u00e7\u00e3o Empresarial entende que sua fun\u00e7\u00e3o deve ser exercitada de forma perene e constante nas diversas comarcas em que atua.<\/p>\r\n\r\n\r\n\r\n<p>Isso significa que, de maneira objetiva, oferece sua estrutura para todos os processos existentes, de quaisquer complexidades, independentemente das capacidades econ\u00f4micas envolvidas.<\/p>\r\n\r\n\r\n\r\n<p>A atua\u00e7\u00e3o da empresa nas diferentes comarcas decorre das rela\u00e7\u00f5es de confian\u00e7a desenvolvidas com o poder judici\u00e1rio, externada nas nomea\u00e7\u00f5es. Por for\u00e7a disso, \u00e9 comprometida sempre com o atendimento de todas as demandas necess\u00e1rias.<\/p>\r\n","protected":false},"excerpt":{"rendered":"<p>MODERNIDADE E ATUALIDADE Em conson\u00e2ncia com as diretrizes da Lei 11.101\/2005, a R4C Administra\u00e7\u00e3o Empresarial \u00e9 uma pessoa jur\u00eddica especializada no desempenho das fun\u00e7\u00f5es de administra\u00e7\u00e3o judicial, o que permite aos magistrados nomearem a pr\u00f3pria pessoa jur\u00eddica, devidamente representada por um de seus s\u00f3cios ou prepostos, em substitui\u00e7\u00e3o \u00e0s nomea\u00e7\u00f5es feitas diretamente nas pessoas f\u00edsicas, [&hellip;]<\/p>\n","protected":false},"author":1,"featured_media":0,"parent":0,"menu_order":0,"comment_status":"closed","ping_status":"closed","template":"","meta":[],"_links":{"self":[{"href":"https:\/\/r4cempresarial.com.br\/index.php?rest_route=\/wp\/v2\/pages\/9"}],"collection":[{"href":"https:\/\/r4cempresarial.com.br\/index.php?rest_route=\/wp\/v2\/pages"}],"about":[{"href":"https:\/\/r4cempresarial.com.br\/index.php?rest_route=\/wp\/v2\/types\/page"}],"author":[{"embeddable":true,"href":"https:\/\/r4cempresarial.com.br\/index.php?rest_route=\/wp\/v2\/users\/1"}],"replies":[{"embeddable":true,"href":"https:\/\/r4cempresarial.com.br\/index.php?rest_route=%2Fwp%2Fv2%2Fcomments&post=9"}],"version-history":[{"count":1,"href":"https:\/\/r4cempresarial.com.br\/index.php?rest_route=\/wp\/v2\/pages\/9\/revisions"}],"predecessor-version":[{"id":1137,"href":"https:\/\/r4cempresarial.com.br\/index.php?rest_route=\/wp\/v2\/pages\/9\/revisions\/1137"}],"wp:attachment":[{"href":"https:\/\/r4cempresarial.com.br\/index.php?rest_route=%2Fwp%2Fv2%2Fmedia&parent=9"}],"curies":[{"name":"wp","href":"https:\/\/api.w.org\/{rel}","templated":true}]}}